{"id":19799,"date":"2022-06-03T10:57:23","date_gmt":"2022-06-03T13:57:23","guid":{"rendered":"https:\/\/www.iorm.org.br\/aulas-ud-iorm\/?page_id=19799"},"modified":"2022-06-20T15:25:46","modified_gmt":"2022-06-20T18:25:46","slug":"professores-miguelopolis-2022","status":"publish","type":"page","link":"https:\/\/www.iorm.org.br\/aulas-ud-iorm\/professores\/professores-miguelopolis-2022\/","title":{"rendered":"Professores Miguel\u00f3polis &#8211; 2022"},"content":{"rendered":"[vc_row type=&#8221;full_width_background&#8221; full_screen_row_position=&#8221;middle&#8221; column_margin=&#8221;default&#8221; column_direction=&#8221;default&#8221; column_direction_tablet=&#8221;default&#8221; column_direction_phone=&#8221;default&#8221; bg_color=&#8221;#f8fbff&#8221; scene_position=&#8221;center&#8221; top_padding=&#8221;4%&#8221; bottom_padding=&#8221;2%&#8221; text_color=&#8221;dark&#8221; text_align=&#8221;left&#8221; row_border_radius=&#8221;none&#8221; row_border_radius_applies=&#8221;bg&#8221; overlay_strength=&#8221;0.3&#8243; gradient_direction=&#8221;left_to_right&#8221; shape_divider_position=&#8221;bottom&#8221; bg_image_animation=&#8221;none&#8221; shape_type=&#8221;&#8221;][vc_column column_padding=&#8221;no-extra-padding&#8221; column_padding_tablet=&#8221;inherit&#8221; column_padding_phone=&#8221;inherit&#8221; column_padding_position=&#8221;all&#8221; background_color_opacity=&#8221;1&#8243; background_hover_color_opacity=&#8221;1&#8243; column_shadow=&#8221;none&#8221; column_border_radius=&#8221;none&#8221; column_link_target=&#8221;_self&#8221; gradient_direction=&#8221;left_to_right&#8221; overlay_strength=&#8221;0.3&#8243; width=&#8221;1\/1&#8243; tablet_width_inherit=&#8221;default&#8221; tablet_text_alignment=&#8221;default&#8221; phone_text_alignment=&#8221;default&#8221; column_border_width=&#8221;none&#8221; column_border_style=&#8221;solid&#8221; bg_image_animation=&#8221;none&#8221;][vc_column_text css_animation=&#8221;none&#8221; css=&#8221;.vc_custom_1613065472083{margin-bottom: 10px !important;}&#8221;]\n<h2 style=\"text-align: left;\"><span style=\"color: #333333; font-family: montserrat;\">Professores de Miguel\u00f3polis<\/span><\/h2>\n<p>clique e acesse.[\/vc_column_text][divider line_type=&#8221;Small Line&#8221; line_alignment=&#8221;default&#8221; line_thickness=&#8221;3&#8243; divider_color=&#8221;extra-color-1&#8243; custom_height=&#8221;20px&#8221; custom_line_width=&#8221;508&#8243;][vc_row_inner column_margin=&#8221;default&#8221; column_direction=&#8221;default&#8221; column_direction_tablet=&#8221;default&#8221; column_direction_phone=&#8221;default&#8221; top_padding=&#8221;2%&#8221; text_align=&#8221;left&#8221;][vc_column_inner column_padding=&#8221;no-extra-padding&#8221; column_padding_tablet=&#8221;inherit&#8221; column_padding_phone=&#8221;inherit&#8221; column_padding_position=&#8221;all&#8221; background_color_opacity=&#8221;1&#8243; background_hover_color_opacity=&#8221;1&#8243; column_shadow=&#8221;none&#8221; column_border_radius=&#8221;none&#8221; column_link_target=&#8221;_self&#8221; gradient_direction=&#8221;left_to_right&#8221; overlay_strength=&#8221;0.3&#8243; width=&#8221;1\/3&#8243; tablet_width_inherit=&#8221;default&#8221; column_border_width=&#8221;none&#8221; column_border_style=&#8221;solid&#8221; bg_image_animation=&#8221;none&#8221; column_link=&#8221;https:\/\/www.iorm.org.br\/aulas-ud-iorm\/professores\/professora-ana-carolina-jazz-dance\/&#8221;][vc_column_text]\n<div><img loading=\"lazy\" decoding=\"async\" class=\"alignleft wp-image-85 size-large\" src=\"https:\/\/www.iorm.org.br\/aulas-ud-iorm\/wp-content\/uploads\/2021\/02\/0014_prof-769x1024.jpg\" alt=\"\" width=\"769\" height=\"1024\" srcset=\"https:\/\/www.iorm.org.br\/aulas-ud-iorm\/wp-content\/uploads\/2021\/02\/0014_prof-769x1024.jpg 769w, https:\/\/www.iorm.org.br\/aulas-ud-iorm\/wp-content\/uploads\/2021\/02\/0014_prof-225x300.jpg 225w, https:\/\/www.iorm.org.br\/aulas-ud-iorm\/wp-content\/uploads\/2021\/02\/0014_prof-768x1022.jpg 768w, https:\/\/www.iorm.org.br\/aulas-ud-iorm\/wp-content\/uploads\/2021\/02\/0014_prof.jpg 800w\" sizes=\"auto, (max-width: 769px) 100vw, 769px\" \/><\/div>\n<div style=\"font-size: 18px;\">Professora Ane Caroline<br \/>\nJazz Dance<\/div>\n[\/vc_column_text][\/vc_column_inner][vc_column_inner column_padding=&#8221;no-extra-padding&#8221; column_padding_tablet=&#8221;inherit&#8221; column_padding_phone=&#8221;inherit&#8221; column_padding_position=&#8221;all&#8221; background_color_opacity=&#8221;1&#8243; background_hover_color_opacity=&#8221;1&#8243; column_shadow=&#8221;none&#8221; column_border_radius=&#8221;none&#8221; column_link_target=&#8221;_self&#8221; gradient_direction=&#8221;left_to_right&#8221; overlay_strength=&#8221;0.3&#8243; width=&#8221;1\/3&#8243; tablet_width_inherit=&#8221;default&#8221; column_border_width=&#8221;none&#8221; column_border_style=&#8221;solid&#8221; bg_image_animation=&#8221;none&#8221; column_link=&#8221;https:\/\/www.iorm.org.br\/aulas-ud-iorm\/professores\/professora-anelise-convivencia\/&#8221;][vc_column_text]\n<div><img loading=\"lazy\" decoding=\"async\" class=\"wp-image-605 size-large alignleft\" src=\"https:\/\/www.iorm.org.br\/aulas-ud-iorm\/wp-content\/uploads\/2021\/02\/0021_prof-769x1024.jpg\" alt=\"\" width=\"769\" height=\"1024\" srcset=\"https:\/\/www.iorm.org.br\/aulas-ud-iorm\/wp-content\/uploads\/2021\/02\/0021_prof-769x1024.jpg 769w, https:\/\/www.iorm.org.br\/aulas-ud-iorm\/wp-content\/uploads\/2021\/02\/0021_prof-225x300.jpg 225w, https:\/\/www.iorm.org.br\/aulas-ud-iorm\/wp-content\/uploads\/2021\/02\/0021_prof-768x1022.jpg 768w, https:\/\/www.iorm.org.br\/aulas-ud-iorm\/wp-content\/uploads\/2021\/02\/0021_prof.jpg 800w\" sizes=\"auto, (max-width: 769px) 100vw, 769px\" \/><\/div>\n<div style=\"font-size: 18px;\">Professora Anelisa<br \/>\nConviv\u00eancia<\/div>\n[\/vc_column_text][\/vc_column_inner][vc_column_inner column_padding=&#8221;no-extra-padding&#8221; column_padding_tablet=&#8221;inherit&#8221; column_padding_phone=&#8221;inherit&#8221; column_padding_position=&#8221;all&#8221; background_color_opacity=&#8221;1&#8243; background_hover_color_opacity=&#8221;1&#8243; column_shadow=&#8221;none&#8221; column_border_radius=&#8221;none&#8221; column_link_target=&#8221;_self&#8221; gradient_direction=&#8221;left_to_right&#8221; overlay_strength=&#8221;0.3&#8243; width=&#8221;1\/3&#8243; tablet_width_inherit=&#8221;default&#8221; column_border_width=&#8221;none&#8221; column_border_style=&#8221;solid&#8221; bg_image_animation=&#8221;none&#8221; column_link=&#8221;https:\/\/www.iorm.org.br\/aulas-ud-iorm\/professores\/professor-katyucia-musicalizacao\/&#8221;][vc_column_text]\n<div><img loading=\"lazy\" decoding=\"async\" class=\"alignleft wp-image-4989 size-large\" src=\"https:\/\/www.iorm.org.br\/aulas-ud-iorm\/wp-content\/uploads\/2021\/05\/000230_prof-769x1024.jpg\" alt=\"\" width=\"769\" height=\"1024\" srcset=\"https:\/\/www.iorm.org.br\/aulas-ud-iorm\/wp-content\/uploads\/2021\/05\/000230_prof-769x1024.jpg 769w, https:\/\/www.iorm.org.br\/aulas-ud-iorm\/wp-content\/uploads\/2021\/05\/000230_prof-225x300.jpg 225w, https:\/\/www.iorm.org.br\/aulas-ud-iorm\/wp-content\/uploads\/2021\/05\/000230_prof-768x1022.jpg 768w, https:\/\/www.iorm.org.br\/aulas-ud-iorm\/wp-content\/uploads\/2021\/05\/000230_prof.jpg 800w\" sizes=\"auto, (max-width: 769px) 100vw, 769px\" \/><\/div>\n<div style=\"font-size: 18px;\">Professora Katy\u00facia<br \/>\nMusicaliza\u00e7\u00e3o<\/div>\n[\/vc_column_text][\/vc_column_inner][\/vc_row_inner][vc_row_inner column_margin=&#8221;default&#8221; column_direction=&#8221;default&#8221; column_direction_tablet=&#8221;default&#8221; column_direction_phone=&#8221;default&#8221; bottom_padding=&#8221;2%&#8221; text_align=&#8221;left&#8221;][vc_column_inner column_padding=&#8221;no-extra-padding&#8221; column_padding_tablet=&#8221;inherit&#8221; column_padding_phone=&#8221;inherit&#8221; column_padding_position=&#8221;all&#8221; background_color_opacity=&#8221;1&#8243; background_hover_color_opacity=&#8221;1&#8243; column_shadow=&#8221;none&#8221; column_border_radius=&#8221;none&#8221; column_link_target=&#8221;_self&#8221; gradient_direction=&#8221;left_to_right&#8221; overlay_strength=&#8221;0.3&#8243; width=&#8221;1\/3&#8243; tablet_width_inherit=&#8221;default&#8221; column_border_width=&#8221;none&#8221; column_border_style=&#8221;solid&#8221; bg_image_animation=&#8221;none&#8221; column_link=&#8221;https:\/\/www.iorm.org.br\/aulas-ud-iorm\/professores\/professora-marcia-ballet-classico\/&#8221;][vc_column_text]\n<div><img loading=\"lazy\" decoding=\"async\" class=\"alignleft wp-image-62 size-large\" src=\"https:\/\/www.iorm.org.br\/aulas-ud-iorm\/wp-content\/uploads\/2021\/02\/007_prof-769x1024.jpg\" alt=\"\" width=\"769\" height=\"1024\" srcset=\"https:\/\/www.iorm.org.br\/aulas-ud-iorm\/wp-content\/uploads\/2021\/02\/007_prof-769x1024.jpg 769w, https:\/\/www.iorm.org.br\/aulas-ud-iorm\/wp-content\/uploads\/2021\/02\/007_prof-225x300.jpg 225w, https:\/\/www.iorm.org.br\/aulas-ud-iorm\/wp-content\/uploads\/2021\/02\/007_prof-768x1022.jpg 768w, https:\/\/www.iorm.org.br\/aulas-ud-iorm\/wp-content\/uploads\/2021\/02\/007_prof.jpg 800w\" sizes=\"auto, (max-width: 769px) 100vw, 769px\" \/><\/div>\n<div style=\"font-size: 18px;\">Professora Marcia<br \/>\nBallet Cl\u00e1ssico<\/div>\n[\/vc_column_text][\/vc_column_inner][vc_column_inner column_padding=&#8221;no-extra-padding&#8221; column_padding_tablet=&#8221;inherit&#8221; column_padding_phone=&#8221;inherit&#8221; column_padding_position=&#8221;all&#8221; background_color_opacity=&#8221;1&#8243; background_hover_color_opacity=&#8221;1&#8243; column_shadow=&#8221;none&#8221; column_border_radius=&#8221;none&#8221; column_link_target=&#8221;_self&#8221; gradient_direction=&#8221;left_to_right&#8221; overlay_strength=&#8221;0.3&#8243; width=&#8221;1\/3&#8243; tablet_width_inherit=&#8221;default&#8221; column_border_width=&#8221;none&#8221; column_border_style=&#8221;solid&#8221; bg_image_animation=&#8221;none&#8221; column_link=&#8221;https:\/\/www.iorm.org.br\/aulas-ud-iorm\/professores\/marina-zanini-danca-contemporanea-e-ballet-classico\/&#8221;][vc_column_text]\n<div><img loading=\"lazy\" decoding=\"async\" class=\"aligncenter wp-image-19782 size-full\" src=\"https:\/\/www.iorm.org.br\/aulas-ud-iorm\/wp-content\/uploads\/2022\/06\/0zanin.jpg\" alt=\"\" width=\"769\" height=\"1024\" srcset=\"https:\/\/www.iorm.org.br\/aulas-ud-iorm\/wp-content\/uploads\/2022\/06\/0zanin.jpg 769w, https:\/\/www.iorm.org.br\/aulas-ud-iorm\/wp-content\/uploads\/2022\/06\/0zanin-225x300.jpg 225w\" sizes=\"auto, (max-width: 769px) 100vw, 769px\" \/><\/div>\n<div style=\"font-size: 18px;\">Prof. Marina Zanini<br \/>\nDan\u00e7a Contempor\u00e2nea<\/div>\n[\/vc_column_text][\/vc_column_inner][vc_column_inner column_padding=&#8221;no-extra-padding&#8221; column_padding_tablet=&#8221;inherit&#8221; column_padding_phone=&#8221;inherit&#8221; column_padding_position=&#8221;all&#8221; background_color_opacity=&#8221;1&#8243; background_hover_color_opacity=&#8221;1&#8243; column_shadow=&#8221;none&#8221; column_border_radius=&#8221;none&#8221; column_link_target=&#8221;_self&#8221; gradient_direction=&#8221;left_to_right&#8221; overlay_strength=&#8221;0.3&#8243; width=&#8221;1\/3&#8243; tablet_width_inherit=&#8221;default&#8221; column_border_width=&#8221;none&#8221; column_border_style=&#8221;solid&#8221; bg_image_animation=&#8221;none&#8221; column_link=&#8221;https:\/\/www.iorm.org.br\/aulas-ud-iorm\/professores\/professora-maria-fernanda-contemporaneo-alongamento\/&#8221;][vc_column_text]\n<div><img loading=\"lazy\" decoding=\"async\" class=\"alignleft wp-image-86 size-large\" src=\"https:\/\/www.iorm.org.br\/aulas-ud-iorm\/wp-content\/uploads\/2021\/02\/0015_prof-769x1024.jpg\" alt=\"\" width=\"769\" height=\"1024\" srcset=\"https:\/\/www.iorm.org.br\/aulas-ud-iorm\/wp-content\/uploads\/2021\/02\/0015_prof-769x1024.jpg 769w, https:\/\/www.iorm.org.br\/aulas-ud-iorm\/wp-content\/uploads\/2021\/02\/0015_prof-225x300.jpg 225w, https:\/\/www.iorm.org.br\/aulas-ud-iorm\/wp-content\/uploads\/2021\/02\/0015_prof-768x1022.jpg 768w, https:\/\/www.iorm.org.br\/aulas-ud-iorm\/wp-content\/uploads\/2021\/02\/0015_prof.jpg 800w\" sizes=\"auto, (max-width: 769px) 100vw, 769px\" \/><\/div>\n<div style=\"font-size: 18px;\">Professora Maria Fernanda<br \/>\nDan\u00e7a Contempor\u00e2nea e Ballet Cl\u00e1ssico<\/div>\n[\/vc_column_text][\/vc_column_inner][\/vc_row_inner][vc_row_inner column_margin=&#8221;default&#8221; column_direction=&#8221;default&#8221; column_direction_tablet=&#8221;default&#8221; column_direction_phone=&#8221;default&#8221; bottom_padding=&#8221;2%&#8221; text_align=&#8221;left&#8221;][vc_column_inner column_padding=&#8221;no-extra-padding&#8221; column_padding_tablet=&#8221;inherit&#8221; column_padding_phone=&#8221;inherit&#8221; column_padding_position=&#8221;all&#8221; background_color_opacity=&#8221;1&#8243; background_hover_color_opacity=&#8221;1&#8243; column_shadow=&#8221;none&#8221; column_border_radius=&#8221;none&#8221; column_link_target=&#8221;_self&#8221; gradient_direction=&#8221;left_to_right&#8221; overlay_strength=&#8221;0.3&#8243; width=&#8221;1\/3&#8243; tablet_width_inherit=&#8221;default&#8221; column_border_width=&#8221;none&#8221; column_border_style=&#8221;solid&#8221; bg_image_animation=&#8221;none&#8221;][\/vc_column_inner][vc_column_inner column_padding=&#8221;no-extra-padding&#8221; column_padding_tablet=&#8221;inherit&#8221; column_padding_phone=&#8221;inherit&#8221; column_padding_position=&#8221;all&#8221; background_color_opacity=&#8221;1&#8243; background_hover_color_opacity=&#8221;1&#8243; column_shadow=&#8221;none&#8221; column_border_radius=&#8221;none&#8221; column_link_target=&#8221;_self&#8221; gradient_direction=&#8221;left_to_right&#8221; overlay_strength=&#8221;0.3&#8243; width=&#8221;1\/3&#8243; tablet_width_inherit=&#8221;default&#8221; column_border_width=&#8221;none&#8221; column_border_style=&#8221;solid&#8221; bg_image_animation=&#8221;none&#8221; column_link=&#8221;#&#8221;][\/vc_column_inner][vc_column_inner column_padding=&#8221;no-extra-padding&#8221; column_padding_tablet=&#8221;inherit&#8221; column_padding_phone=&#8221;inherit&#8221; column_padding_position=&#8221;all&#8221; background_color_opacity=&#8221;1&#8243; background_hover_color_opacity=&#8221;1&#8243; column_shadow=&#8221;none&#8221; column_border_radius=&#8221;none&#8221; column_link_target=&#8221;_self&#8221; gradient_direction=&#8221;left_to_right&#8221; overlay_strength=&#8221;0.3&#8243; width=&#8221;1\/3&#8243; tablet_width_inherit=&#8221;default&#8221; column_border_width=&#8221;none&#8221; column_border_style=&#8221;solid&#8221; bg_image_animation=&#8221;none&#8221; column_link=&#8221;https:\/\/www.iorm.org.br\/aulas-ud-iorm\/professores\/professora-maria-fernanda-contemporaneo-alongamento\/&#8221;][\/vc_column_inner][\/vc_row_inner][\/vc_column][\/vc_row][vc_row type=&#8221;full_width_background&#8221; full_screen_row_position=&#8221;middle&#8221; column_margin=&#8221;default&#8221; column_direction=&#8221;default&#8221; column_direction_tablet=&#8221;default&#8221; column_direction_phone=&#8221;default&#8221; bg_color=&#8221;#f6f4f5&#8243; scene_position=&#8221;center&#8221; text_color=&#8221;dark&#8221; text_align=&#8221;left&#8221; row_border_radius=&#8221;none&#8221; row_border_radius_applies=&#8221;bg&#8221; overlay_strength=&#8221;0.3&#8243; gradient_direction=&#8221;left_to_right&#8221; shape_divider_position=&#8221;bottom&#8221; bg_image_animation=&#8221;none&#8221; shape_type=&#8221;&#8221;][vc_column column_padding=&#8221;no-extra-padding&#8221; column_padding_tablet=&#8221;inherit&#8221; column_padding_phone=&#8221;inherit&#8221; column_padding_position=&#8221;all&#8221; background_color_opacity=&#8221;1&#8243; background_hover_color_opacity=&#8221;1&#8243; column_shadow=&#8221;none&#8221; column_border_radius=&#8221;none&#8221; column_link_target=&#8221;_self&#8221; gradient_direction=&#8221;left_to_right&#8221; overlay_strength=&#8221;0.3&#8243; width=&#8221;1\/1&#8243; tablet_width_inherit=&#8221;default&#8221; tablet_text_alignment=&#8221;default&#8221; phone_text_alignment=&#8221;default&#8221; column_border_width=&#8221;none&#8221; column_border_style=&#8221;solid&#8221; bg_image_animation=&#8221;none&#8221;][vc_column_text]<img loading=\"lazy\" decoding=\"async\" class=\"alignleft size-full wp-image-12\" src=\"https:\/\/www.iorm.org.br\/aulas-ud-iorm\/wp-content\/uploads\/2021\/02\/regua-iorm.jpg\" alt=\"\" width=\"1920\" height=\"518\" srcset=\"https:\/\/www.iorm.org.br\/aulas-ud-iorm\/wp-content\/uploads\/2021\/02\/regua-iorm.jpg 1920w, https:\/\/www.iorm.org.br\/aulas-ud-iorm\/wp-content\/uploads\/2021\/02\/regua-iorm-300x81.jpg 300w, https:\/\/www.iorm.org.br\/aulas-ud-iorm\/wp-content\/uploads\/2021\/02\/regua-iorm-1024x276.jpg 1024w, https:\/\/www.iorm.org.br\/aulas-ud-iorm\/wp-content\/uploads\/2021\/02\/regua-iorm-768x207.jpg 768w, https:\/\/www.iorm.org.br\/aulas-ud-iorm\/wp-content\/uploads\/2021\/02\/regua-iorm-1536x414.jpg 1536w\" sizes=\"auto, (max-width: 1920px) 100vw, 1920px\" \/>[\/vc_column_text][\/vc_column][\/vc_row]\n","protected":false},"excerpt":{"rendered":"<p>[vc_row type=&#8221;full_width_background&#8221; full_screen_row_position=&#8221;middle&#8221; column_margin=&#8221;default&#8221; column_direction=&#8221;default&#8221; column_direction_tablet=&#8221;default&#8221; column_direction_phone=&#8221;default&#8221; bg_color=&#8221;#f8fbff&#8221; scene_position=&#8221;center&#8221; top_padding=&#8221;4%&#8221; bottom_padding=&#8221;2%&#8221; text_color=&#8221;dark&#8221; text_align=&#8221;left&#8221; row_border_radius=&#8221;none&#8221; row_border_radius_applies=&#8221;bg&#8221; overlay_strength=&#8221;0.3&#8243; gradient_direction=&#8221;left_to_right&#8221; shape_divider_position=&#8221;bottom&#8221; bg_image_animation=&#8221;none&#8221; shape_type=&#8221;&#8221;][vc_column column_padding=&#8221;no-extra-padding&#8221; column_padding_tablet=&#8221;inherit&#8221; column_padding_phone=&#8221;inherit&#8221; column_padding_position=&#8221;all&#8221; background_color_opacity=&#8221;1&#8243; background_hover_color_opacity=&#8221;1&#8243; column_shadow=&#8221;none&#8221; column_border_radius=&#8221;none&#8221; column_link_target=&#8221;_self&#8221; gradient_direction=&#8221;left_to_right&#8221;&#8230;<\/p>\n","protected":false},"author":1,"featured_media":0,"parent":33,"menu_order":0,"comment_status":"closed","ping_status":"closed","template":"","meta":{"footnotes":""},"class_list":["post-19799","page","type-page","status-publish"],"_links":{"self":[{"href":"https:\/\/www.iorm.org.br\/aulas-ud-iorm\/wp-json\/wp\/v2\/pages\/19799","targetHints":{"allow":["GET"]}}],"collection":[{"href":"https:\/\/www.iorm.org.br\/aulas-ud-iorm\/wp-json\/wp\/v2\/pages"}],"about":[{"href":"https:\/\/www.iorm.org.br\/aulas-ud-iorm\/wp-json\/wp\/v2\/types\/page"}],"author":[{"embeddable":true,"href":"https:\/\/www.iorm.org.br\/aulas-ud-iorm\/wp-json\/wp\/v2\/users\/1"}],"replies":[{"embeddable":true,"href":"https:\/\/www.iorm.org.br\/aulas-ud-iorm\/wp-json\/wp\/v2\/comments?post=19799"}],"version-history":[{"count":5,"href":"https:\/\/www.iorm.org.br\/aulas-ud-iorm\/wp-json\/wp\/v2\/pages\/19799\/revisions"}],"predecessor-version":[{"id":19820,"href":"https:\/\/www.iorm.org.br\/aulas-ud-iorm\/wp-json\/wp\/v2\/pages\/19799\/revisions\/19820"}],"up":[{"embeddable":true,"href":"https:\/\/www.iorm.org.br\/aulas-ud-iorm\/wp-json\/wp\/v2\/pages\/33"}],"wp:attachment":[{"href":"https:\/\/www.iorm.org.br\/aulas-ud-iorm\/wp-json\/wp\/v2\/media?parent=19799"}],"curies":[{"name":"wp","href":"https:\/\/api.w.org\/{rel}","templated":true}]}}