{"id":19781,"date":"2022-06-03T10:31:42","date_gmt":"2022-06-03T13:31:42","guid":{"rendered":"https:\/\/www.iorm.org.br\/aulas-ud-iorm\/?page_id=19781"},"modified":"2022-06-20T15:50:20","modified_gmt":"2022-06-20T18:50:20","slug":"professores-guaira-2022","status":"publish","type":"page","link":"https:\/\/www.iorm.org.br\/aulas-ud-iorm\/professores\/professores-guaira-2022\/","title":{"rendered":"Professores Gua\u00edra &#8211; 2022"},"content":{"rendered":"[vc_row type=&#8221;full_width_background&#8221; full_screen_row_position=&#8221;middle&#8221; column_margin=&#8221;default&#8221; column_direction=&#8221;default&#8221; column_direction_tablet=&#8221;default&#8221; column_direction_phone=&#8221;default&#8221; bg_color=&#8221;#f8fbff&#8221; scene_position=&#8221;center&#8221; top_padding=&#8221;3%&#8221; bottom_padding=&#8221;2%&#8221; text_color=&#8221;dark&#8221; text_align=&#8221;left&#8221; row_border_radius=&#8221;none&#8221; row_border_radius_applies=&#8221;bg&#8221; overlay_strength=&#8221;0.3&#8243; gradient_direction=&#8221;left_to_right&#8221; shape_divider_position=&#8221;bottom&#8221; bg_image_animation=&#8221;none&#8221; shape_type=&#8221;&#8221;][vc_column column_padding=&#8221;no-extra-padding&#8221; column_padding_tablet=&#8221;inherit&#8221; column_padding_phone=&#8221;inherit&#8221; column_padding_position=&#8221;all&#8221; background_color_opacity=&#8221;1&#8243; background_hover_color_opacity=&#8221;1&#8243; column_shadow=&#8221;none&#8221; column_border_radius=&#8221;none&#8221; column_link_target=&#8221;_self&#8221; gradient_direction=&#8221;left_to_right&#8221; overlay_strength=&#8221;0.3&#8243; width=&#8221;1\/1&#8243; tablet_width_inherit=&#8221;default&#8221; tablet_text_alignment=&#8221;default&#8221; phone_text_alignment=&#8221;default&#8221; column_border_width=&#8221;none&#8221; column_border_style=&#8221;solid&#8221; bg_image_animation=&#8221;none&#8221;][vc_column_text css_animation=&#8221;none&#8221; css=&#8221;.vc_custom_1613065186070{margin-bottom: 10px !important;}&#8221; max_width=&#8221;475&#8243;]\n<h2 style=\"text-align: left;\"><span style=\"color: #333333; font-family: montserrat;\">Professores de Gua\u00edra<\/span><\/h2>\n<p>clique e acesse.[\/vc_column_text][divider line_type=&#8221;Small Line&#8221; line_alignment=&#8221;default&#8221; line_thickness=&#8221;3&#8243; divider_color=&#8221;extra-color-1&#8243; custom_height=&#8221;20px&#8221; custom_line_width=&#8221;400&#8243;][vc_row_inner column_margin=&#8221;default&#8221; column_direction=&#8221;default&#8221; column_direction_tablet=&#8221;default&#8221; column_direction_phone=&#8221;default&#8221; top_padding=&#8221;2%&#8221; text_align=&#8221;left&#8221;][vc_column_inner column_padding=&#8221;no-extra-padding&#8221; column_padding_tablet=&#8221;inherit&#8221; column_padding_phone=&#8221;inherit&#8221; column_padding_position=&#8221;all&#8221; background_color_opacity=&#8221;1&#8243; background_hover_color_opacity=&#8221;1&#8243; column_shadow=&#8221;none&#8221; column_border_radius=&#8221;none&#8221; column_link_target=&#8221;_self&#8221; gradient_direction=&#8221;left_to_right&#8221; overlay_strength=&#8221;0.3&#8243; width=&#8221;1\/3&#8243; tablet_width_inherit=&#8221;default&#8221; column_border_width=&#8221;none&#8221; column_border_style=&#8221;solid&#8221; bg_image_animation=&#8221;none&#8221; column_link=&#8221;https:\/\/www.iorm.org.br\/aulas-ud-iorm\/professores\/professora-beth-praticas-pedagogicas\/&#8221;][vc_column_text]\n<div><img loading=\"lazy\" decoding=\"async\" class=\"alignleft wp-image-76 size-large\" src=\"https:\/\/www.iorm.org.br\/aulas-ud-iorm\/wp-content\/uploads\/2021\/02\/0010_prof-769x1024.jpg\" alt=\"\" width=\"769\" height=\"1024\" srcset=\"https:\/\/www.iorm.org.br\/aulas-ud-iorm\/wp-content\/uploads\/2021\/02\/0010_prof-769x1024.jpg 769w, https:\/\/www.iorm.org.br\/aulas-ud-iorm\/wp-content\/uploads\/2021\/02\/0010_prof-225x300.jpg 225w, https:\/\/www.iorm.org.br\/aulas-ud-iorm\/wp-content\/uploads\/2021\/02\/0010_prof-768x1022.jpg 768w, https:\/\/www.iorm.org.br\/aulas-ud-iorm\/wp-content\/uploads\/2021\/02\/0010_prof.jpg 800w\" sizes=\"auto, (max-width: 769px) 100vw, 769px\" \/><\/div>\n<div style=\"font-size: 18px;\">Professora Beth<br \/>\nPr\u00e1ticas Pedag\u00f3gicas<\/div>\n[\/vc_column_text][\/vc_column_inner][vc_column_inner column_padding=&#8221;no-extra-padding&#8221; column_padding_tablet=&#8221;inherit&#8221; column_padding_phone=&#8221;inherit&#8221; column_padding_position=&#8221;all&#8221; background_color_opacity=&#8221;1&#8243; background_hover_color_opacity=&#8221;1&#8243; column_shadow=&#8221;none&#8221; column_border_radius=&#8221;none&#8221; column_link_target=&#8221;_self&#8221; gradient_direction=&#8221;left_to_right&#8221; overlay_strength=&#8221;0.3&#8243; width=&#8221;1\/3&#8243; tablet_width_inherit=&#8221;default&#8221; column_border_width=&#8221;none&#8221; column_border_style=&#8221;solid&#8221; bg_image_animation=&#8221;none&#8221; column_link=&#8221;https:\/\/www.iorm.org.br\/aulas-ud-iorm\/professores\/marina-zanini-danca-contemporanea-e-ballet-classico\/&#8221;][vc_column_text]\n<div><img loading=\"lazy\" decoding=\"async\" class=\"aligncenter wp-image-19782 size-full\" src=\"https:\/\/www.iorm.org.br\/aulas-ud-iorm\/wp-content\/uploads\/2022\/06\/0zanin.jpg\" alt=\"\" width=\"769\" height=\"1024\" srcset=\"https:\/\/www.iorm.org.br\/aulas-ud-iorm\/wp-content\/uploads\/2022\/06\/0zanin.jpg 769w, https:\/\/www.iorm.org.br\/aulas-ud-iorm\/wp-content\/uploads\/2022\/06\/0zanin-225x300.jpg 225w\" sizes=\"auto, (max-width: 769px) 100vw, 769px\" \/><\/div>\n<div style=\"font-size: 18px;\">Profa. Marina Zanini<br \/>\nDan\u00e7a Contempor\u00e2nea<\/div>\n[\/vc_column_text][\/vc_column_inner][vc_column_inner column_padding=&#8221;no-extra-padding&#8221; column_padding_tablet=&#8221;inherit&#8221; column_padding_phone=&#8221;inherit&#8221; column_padding_position=&#8221;all&#8221; background_color_opacity=&#8221;1&#8243; background_hover_color_opacity=&#8221;1&#8243; column_shadow=&#8221;none&#8221; column_border_radius=&#8221;none&#8221; column_link_target=&#8221;_self&#8221; gradient_direction=&#8221;left_to_right&#8221; overlay_strength=&#8221;0.3&#8243; width=&#8221;1\/3&#8243; tablet_width_inherit=&#8221;default&#8221; column_border_width=&#8221;none&#8221; column_border_style=&#8221;solid&#8221; bg_image_animation=&#8221;none&#8221; column_link=&#8221;https:\/\/www.iorm.org.br\/aulas-ud-iorm\/professores\/larissa-correa-jazz-dance\/&#8221;][vc_column_text]\n<div><img loading=\"lazy\" decoding=\"async\" class=\"aligncenter wp-image-19784 size-full\" src=\"https:\/\/www.iorm.org.br\/aulas-ud-iorm\/wp-content\/uploads\/2022\/06\/0-larisa.jpg\" alt=\"\" width=\"769\" height=\"1024\" srcset=\"https:\/\/www.iorm.org.br\/aulas-ud-iorm\/wp-content\/uploads\/2022\/06\/0-larisa.jpg 769w, https:\/\/www.iorm.org.br\/aulas-ud-iorm\/wp-content\/uploads\/2022\/06\/0-larisa-225x300.jpg 225w\" sizes=\"auto, (max-width: 769px) 100vw, 769px\" \/><\/div>\n<div style=\"font-size: 18px;\">Profa. Larissa Corr\u00eaa<br \/>\nJazz Dance<\/div>\n[\/vc_column_text][\/vc_column_inner][\/vc_row_inner][vc_row_inner column_margin=&#8221;default&#8221; column_direction=&#8221;default&#8221; column_direction_tablet=&#8221;default&#8221; column_direction_phone=&#8221;default&#8221; bottom_padding=&#8221;2%&#8221; text_align=&#8221;left&#8221;][vc_column_inner column_padding=&#8221;no-extra-padding&#8221; column_padding_tablet=&#8221;inherit&#8221; column_padding_phone=&#8221;inherit&#8221; column_padding_position=&#8221;all&#8221; background_color_opacity=&#8221;1&#8243; background_hover_color_opacity=&#8221;1&#8243; column_shadow=&#8221;none&#8221; column_border_radius=&#8221;none&#8221; column_link_target=&#8221;_self&#8221; gradient_direction=&#8221;left_to_right&#8221; overlay_strength=&#8221;0.3&#8243; width=&#8221;1\/3&#8243; tablet_width_inherit=&#8221;default&#8221; column_border_width=&#8221;none&#8221; column_border_style=&#8221;solid&#8221; bg_image_animation=&#8221;none&#8221; column_link=&#8221;https:\/\/www.iorm.org.br\/aulas-ud-iorm\/professores\/professora-luane-ballet-classico\/&#8221;][vc_column_text]\n<div><img loading=\"lazy\" decoding=\"async\" class=\"alignleft wp-image-77 size-large\" src=\"https:\/\/www.iorm.org.br\/aulas-ud-iorm\/wp-content\/uploads\/2021\/02\/0011_prof-769x1024.jpg\" alt=\"\" width=\"769\" height=\"1024\" srcset=\"https:\/\/www.iorm.org.br\/aulas-ud-iorm\/wp-content\/uploads\/2021\/02\/0011_prof-769x1024.jpg 769w, https:\/\/www.iorm.org.br\/aulas-ud-iorm\/wp-content\/uploads\/2021\/02\/0011_prof-225x300.jpg 225w, https:\/\/www.iorm.org.br\/aulas-ud-iorm\/wp-content\/uploads\/2021\/02\/0011_prof-768x1022.jpg 768w, https:\/\/www.iorm.org.br\/aulas-ud-iorm\/wp-content\/uploads\/2021\/02\/0011_prof.jpg 800w\" sizes=\"auto, (max-width: 769px) 100vw, 769px\" \/><\/div>\n<div style=\"font-size: 18px;\">Professora Luane<br \/>\nBallet Cl\u00e1ssico<\/div>\n[\/vc_column_text][\/vc_column_inner][vc_column_inner column_padding=&#8221;no-extra-padding&#8221; column_padding_tablet=&#8221;inherit&#8221; column_padding_phone=&#8221;inherit&#8221; column_padding_position=&#8221;all&#8221; background_color_opacity=&#8221;1&#8243; background_hover_color_opacity=&#8221;1&#8243; column_shadow=&#8221;none&#8221; column_border_radius=&#8221;none&#8221; column_link_target=&#8221;_self&#8221; gradient_direction=&#8221;left_to_right&#8221; overlay_strength=&#8221;0.3&#8243; width=&#8221;1\/3&#8243; tablet_width_inherit=&#8221;default&#8221; column_border_width=&#8221;none&#8221; column_border_style=&#8221;solid&#8221; bg_image_animation=&#8221;none&#8221; column_link=&#8221;https:\/\/www.iorm.org.br\/aulas-ud-iorm\/professores\/professor-laura-praticas-pedagogicas\/&#8221;][vc_column_text]\n<div><img loading=\"lazy\" decoding=\"async\" class=\"alignleft wp-image-4828 size-large\" src=\"https:\/\/www.iorm.org.br\/aulas-ud-iorm\/wp-content\/uploads\/2021\/04\/00029_prof-769x1024.jpg\" alt=\"\" width=\"769\" height=\"1024\" srcset=\"https:\/\/www.iorm.org.br\/aulas-ud-iorm\/wp-content\/uploads\/2021\/04\/00029_prof-769x1024.jpg 769w, https:\/\/www.iorm.org.br\/aulas-ud-iorm\/wp-content\/uploads\/2021\/04\/00029_prof-225x300.jpg 225w, https:\/\/www.iorm.org.br\/aulas-ud-iorm\/wp-content\/uploads\/2021\/04\/00029_prof-768x1022.jpg 768w, https:\/\/www.iorm.org.br\/aulas-ud-iorm\/wp-content\/uploads\/2021\/04\/00029_prof.jpg 800w\" sizes=\"auto, (max-width: 769px) 100vw, 769px\" \/><\/div>\n<div style=\"font-size: 18px;\">Professora Laura<br \/>\nPr\u00e1ticas Pedag\u00f3gicas<\/div>\n[\/vc_column_text][\/vc_column_inner][vc_column_inner column_padding=&#8221;no-extra-padding&#8221; column_padding_tablet=&#8221;inherit&#8221; column_padding_phone=&#8221;inherit&#8221; column_padding_position=&#8221;all&#8221; background_color_opacity=&#8221;1&#8243; background_hover_color_opacity=&#8221;1&#8243; column_shadow=&#8221;none&#8221; column_border_radius=&#8221;none&#8221; column_link_target=&#8221;_self&#8221; gradient_direction=&#8221;left_to_right&#8221; overlay_strength=&#8221;0.3&#8243; width=&#8221;1\/3&#8243; tablet_width_inherit=&#8221;default&#8221; column_border_width=&#8221;none&#8221; column_border_style=&#8221;solid&#8221; bg_image_animation=&#8221;none&#8221; column_link=&#8221;https:\/\/www.iorm.org.br\/aulas-ud-iorm\/professores\/professor-welington-musica&#8221;][vc_column_text]\n<div><img loading=\"lazy\" decoding=\"async\" class=\"alignleft wp-image-4359 size-large\" src=\"https:\/\/www.iorm.org.br\/aulas-ud-iorm\/wp-content\/uploads\/2021\/04\/00020_prof-769x1024.jpg\" alt=\"\" width=\"769\" height=\"1024\" srcset=\"https:\/\/www.iorm.org.br\/aulas-ud-iorm\/wp-content\/uploads\/2021\/04\/00020_prof-769x1024.jpg 769w, https:\/\/www.iorm.org.br\/aulas-ud-iorm\/wp-content\/uploads\/2021\/04\/00020_prof-225x300.jpg 225w, https:\/\/www.iorm.org.br\/aulas-ud-iorm\/wp-content\/uploads\/2021\/04\/00020_prof-768x1022.jpg 768w, https:\/\/www.iorm.org.br\/aulas-ud-iorm\/wp-content\/uploads\/2021\/04\/00020_prof.jpg 800w\" sizes=\"auto, (max-width: 769px) 100vw, 769px\" \/><\/div>\n<div style=\"font-size: 18px;\">Professor Wellington<br \/>\nMusicaliza\u00e7\u00e3o<\/div>\n[\/vc_column_text][\/vc_column_inner][\/vc_row_inner][vc_row_inner column_margin=&#8221;default&#8221; column_direction=&#8221;default&#8221; column_direction_tablet=&#8221;default&#8221; column_direction_phone=&#8221;default&#8221; bottom_padding=&#8221;2%&#8221; text_align=&#8221;left&#8221;][vc_column_inner column_padding=&#8221;no-extra-padding&#8221; column_padding_tablet=&#8221;inherit&#8221; column_padding_phone=&#8221;inherit&#8221; column_padding_position=&#8221;all&#8221; background_color_opacity=&#8221;1&#8243; background_hover_color_opacity=&#8221;1&#8243; column_shadow=&#8221;none&#8221; column_border_radius=&#8221;none&#8221; column_link_target=&#8221;_self&#8221; gradient_direction=&#8221;left_to_right&#8221; overlay_strength=&#8221;0.3&#8243; width=&#8221;1\/3&#8243; tablet_width_inherit=&#8221;default&#8221; column_border_width=&#8221;none&#8221; column_border_style=&#8221;solid&#8221; bg_image_animation=&#8221;none&#8221; column_link=&#8221;https:\/\/www.iorm.org.br\/aulas-ud-iorm\/professores\/professor-ana-claudia-assistente-social\/&#8221;][vc_column_text]\n<div><img loading=\"lazy\" decoding=\"async\" class=\"alignleft wp-image-4801 size-large\" src=\"https:\/\/www.iorm.org.br\/aulas-ud-iorm\/wp-content\/uploads\/2021\/04\/00022_prof-769x1024.jpg\" alt=\"\" width=\"769\" height=\"1024\" srcset=\"https:\/\/www.iorm.org.br\/aulas-ud-iorm\/wp-content\/uploads\/2021\/04\/00022_prof-769x1024.jpg 769w, https:\/\/www.iorm.org.br\/aulas-ud-iorm\/wp-content\/uploads\/2021\/04\/00022_prof-225x300.jpg 225w, https:\/\/www.iorm.org.br\/aulas-ud-iorm\/wp-content\/uploads\/2021\/04\/00022_prof-768x1022.jpg 768w, https:\/\/www.iorm.org.br\/aulas-ud-iorm\/wp-content\/uploads\/2021\/04\/00022_prof.jpg 800w\" sizes=\"auto, (max-width: 769px) 100vw, 769px\" \/><\/div>\n<div style=\"font-size: 18px;\">Professora Ana Claudia<br \/>\nAssistente Social<\/div>\n[\/vc_column_text][\/vc_column_inner][vc_column_inner column_padding=&#8221;no-extra-padding&#8221; column_padding_tablet=&#8221;inherit&#8221; column_padding_phone=&#8221;inherit&#8221; column_padding_position=&#8221;all&#8221; background_color_opacity=&#8221;1&#8243; background_hover_color_opacity=&#8221;1&#8243; column_shadow=&#8221;none&#8221; column_border_radius=&#8221;none&#8221; column_link_target=&#8221;_self&#8221; gradient_direction=&#8221;left_to_right&#8221; overlay_strength=&#8221;0.3&#8243; width=&#8221;1\/3&#8243; tablet_width_inherit=&#8221;default&#8221; column_border_width=&#8221;none&#8221; column_border_style=&#8221;solid&#8221; bg_image_animation=&#8221;none&#8221; column_link=&#8221;https:\/\/www.iorm.org.br\/aulas-ud-iorm\/professores\/professora-sauana-expressao-corporal\/&#8221;][vc_column_text]\n<div><img loading=\"lazy\" decoding=\"async\" class=\"alignleft wp-image-4806 size-large\" src=\"https:\/\/www.iorm.org.br\/aulas-ud-iorm\/wp-content\/uploads\/2021\/04\/00024_prof-769x1024.jpg\" alt=\"\" width=\"769\" height=\"1024\" srcset=\"https:\/\/www.iorm.org.br\/aulas-ud-iorm\/wp-content\/uploads\/2021\/04\/00024_prof-769x1024.jpg 769w, https:\/\/www.iorm.org.br\/aulas-ud-iorm\/wp-content\/uploads\/2021\/04\/00024_prof-225x300.jpg 225w, https:\/\/www.iorm.org.br\/aulas-ud-iorm\/wp-content\/uploads\/2021\/04\/00024_prof-768x1022.jpg 768w, https:\/\/www.iorm.org.br\/aulas-ud-iorm\/wp-content\/uploads\/2021\/04\/00024_prof.jpg 800w\" sizes=\"auto, (max-width: 769px) 100vw, 769px\" \/><\/div>\n<div style=\"font-size: 18px;\">Professora Sauana<br \/>\nExpress\u00e3o Corporal e Dan\u00e7a Contempor\u00e2nea<\/div>\n[\/vc_column_text][\/vc_column_inner][vc_column_inner column_padding=&#8221;no-extra-padding&#8221; column_padding_tablet=&#8221;inherit&#8221; column_padding_phone=&#8221;inherit&#8221; column_padding_position=&#8221;all&#8221; background_color_opacity=&#8221;1&#8243; background_hover_color_opacity=&#8221;1&#8243; column_shadow=&#8221;none&#8221; column_border_radius=&#8221;none&#8221; column_link_target=&#8221;_self&#8221; gradient_direction=&#8221;left_to_right&#8221; overlay_strength=&#8221;0.3&#8243; width=&#8221;1\/3&#8243; tablet_width_inherit=&#8221;default&#8221; column_border_width=&#8221;none&#8221; column_border_style=&#8221;solid&#8221; bg_image_animation=&#8221;none&#8221;][\/vc_column_inner][\/vc_row_inner][\/vc_column][\/vc_row][vc_row type=&#8221;full_width_background&#8221; full_screen_row_position=&#8221;middle&#8221; column_margin=&#8221;default&#8221; column_direction=&#8221;default&#8221; column_direction_tablet=&#8221;default&#8221; column_direction_phone=&#8221;default&#8221; bg_color=&#8221;#f6f4f5&#8243; scene_position=&#8221;center&#8221; text_color=&#8221;dark&#8221; text_align=&#8221;left&#8221; row_border_radius=&#8221;none&#8221; row_border_radius_applies=&#8221;bg&#8221; overlay_strength=&#8221;0.3&#8243; gradient_direction=&#8221;left_to_right&#8221; shape_divider_position=&#8221;bottom&#8221; bg_image_animation=&#8221;none&#8221; shape_type=&#8221;&#8221;][vc_column column_padding=&#8221;no-extra-padding&#8221; column_padding_tablet=&#8221;inherit&#8221; column_padding_phone=&#8221;inherit&#8221; column_padding_position=&#8221;all&#8221; background_color_opacity=&#8221;1&#8243; background_hover_color_opacity=&#8221;1&#8243; column_shadow=&#8221;none&#8221; column_border_radius=&#8221;none&#8221; column_link_target=&#8221;_self&#8221; gradient_direction=&#8221;left_to_right&#8221; overlay_strength=&#8221;0.3&#8243; width=&#8221;1\/1&#8243; tablet_width_inherit=&#8221;default&#8221; tablet_text_alignment=&#8221;default&#8221; phone_text_alignment=&#8221;default&#8221; column_border_width=&#8221;none&#8221; column_border_style=&#8221;solid&#8221; bg_image_animation=&#8221;none&#8221;][vc_column_text]<img loading=\"lazy\" decoding=\"async\" class=\"alignleft size-full wp-image-12\" src=\"https:\/\/www.iorm.org.br\/aulas-ud-iorm\/wp-content\/uploads\/2021\/02\/regua-iorm.jpg\" alt=\"\" width=\"1920\" height=\"518\" srcset=\"https:\/\/www.iorm.org.br\/aulas-ud-iorm\/wp-content\/uploads\/2021\/02\/regua-iorm.jpg 1920w, https:\/\/www.iorm.org.br\/aulas-ud-iorm\/wp-content\/uploads\/2021\/02\/regua-iorm-300x81.jpg 300w, https:\/\/www.iorm.org.br\/aulas-ud-iorm\/wp-content\/uploads\/2021\/02\/regua-iorm-1024x276.jpg 1024w, https:\/\/www.iorm.org.br\/aulas-ud-iorm\/wp-content\/uploads\/2021\/02\/regua-iorm-768x207.jpg 768w, https:\/\/www.iorm.org.br\/aulas-ud-iorm\/wp-content\/uploads\/2021\/02\/regua-iorm-1536x414.jpg 1536w\" sizes=\"auto, (max-width: 1920px) 100vw, 1920px\" \/>[\/vc_column_text][\/vc_column][\/vc_row]\n","protected":false},"excerpt":{"rendered":"<p>[vc_row type=&#8221;full_width_background&#8221; full_screen_row_position=&#8221;middle&#8221; column_margin=&#8221;default&#8221; column_direction=&#8221;default&#8221; column_direction_tablet=&#8221;default&#8221; column_direction_phone=&#8221;default&#8221; bg_color=&#8221;#f8fbff&#8221; scene_position=&#8221;center&#8221; top_padding=&#8221;3%&#8221; bottom_padding=&#8221;2%&#8221; text_color=&#8221;dark&#8221; text_align=&#8221;left&#8221; row_border_radius=&#8221;none&#8221; row_border_radius_applies=&#8221;bg&#8221; overlay_strength=&#8221;0.3&#8243; gradient_direction=&#8221;left_to_right&#8221; shape_divider_position=&#8221;bottom&#8221; bg_image_animation=&#8221;none&#8221; shape_type=&#8221;&#8221;][vc_column column_padding=&#8221;no-extra-padding&#8221; column_padding_tablet=&#8221;inherit&#8221; column_padding_phone=&#8221;inherit&#8221; column_padding_position=&#8221;all&#8221; background_color_opacity=&#8221;1&#8243; background_hover_color_opacity=&#8221;1&#8243; column_shadow=&#8221;none&#8221; column_border_radius=&#8221;none&#8221; column_link_target=&#8221;_self&#8221; gradient_direction=&#8221;left_to_right&#8221;&#8230;<\/p>\n","protected":false},"author":1,"featured_media":0,"parent":33,"menu_order":0,"comment_status":"closed","ping_status":"closed","template":"","meta":{"footnotes":""},"class_list":["post-19781","page","type-page","status-publish"],"_links":{"self":[{"href":"https:\/\/www.iorm.org.br\/aulas-ud-iorm\/wp-json\/wp\/v2\/pages\/19781","targetHints":{"allow":["GET"]}}],"collection":[{"href":"https:\/\/www.iorm.org.br\/aulas-ud-iorm\/wp-json\/wp\/v2\/pages"}],"about":[{"href":"https:\/\/www.iorm.org.br\/aulas-ud-iorm\/wp-json\/wp\/v2\/types\/page"}],"author":[{"embeddable":true,"href":"https:\/\/www.iorm.org.br\/aulas-ud-iorm\/wp-json\/wp\/v2\/users\/1"}],"replies":[{"embeddable":true,"href":"https:\/\/www.iorm.org.br\/aulas-ud-iorm\/wp-json\/wp\/v2\/comments?post=19781"}],"version-history":[{"count":6,"href":"https:\/\/www.iorm.org.br\/aulas-ud-iorm\/wp-json\/wp\/v2\/pages\/19781\/revisions"}],"predecessor-version":[{"id":19825,"href":"https:\/\/www.iorm.org.br\/aulas-ud-iorm\/wp-json\/wp\/v2\/pages\/19781\/revisions\/19825"}],"up":[{"embeddable":true,"href":"https:\/\/www.iorm.org.br\/aulas-ud-iorm\/wp-json\/wp\/v2\/pages\/33"}],"wp:attachment":[{"href":"https:\/\/www.iorm.org.br\/aulas-ud-iorm\/wp-json\/wp\/v2\/media?parent=19781"}],"curies":[{"name":"wp","href":"https:\/\/api.w.org\/{rel}","templated":true}]}}