{"id":14972,"date":"2021-11-19T10:55:33","date_gmt":"2021-11-19T13:55:33","guid":{"rendered":"https:\/\/www.iorm.org.br\/aulas-ud-iorm\/?page_id=14972"},"modified":"2022-11-21T10:46:12","modified_gmt":"2022-11-21T13:46:12","slug":"guaira-processos-criativos-espetaculo-de-artes-cenicas-2022","status":"publish","type":"page","link":"https:\/\/www.iorm.org.br\/aulas-ud-iorm\/guaira-processos-criativos-espetaculo-de-artes-cenicas-2022\/","title":{"rendered":"Processos Criativos do Espet\u00e1culo de Artes C\u00eanicas da Usina da Dan\u00e7a 2022"},"content":{"rendered":"[vc_row type=&#8221;full_width_background&#8221; full_screen_row_position=&#8221;middle&#8221; column_margin=&#8221;default&#8221; equal_height=&#8221;yes&#8221; content_placement=&#8221;middle&#8221; column_direction=&#8221;default&#8221; column_direction_tablet=&#8221;default&#8221; column_direction_phone=&#8221;default&#8221; bg_color=&#8221;#efefef&#8221; scene_position=&#8221;center&#8221; top_padding=&#8221;3%&#8221; bottom_padding=&#8221;3%&#8221; text_color=&#8221;dark&#8221; text_align=&#8221;left&#8221; row_border_radius=&#8221;none&#8221; row_border_radius_applies=&#8221;bg&#8221; id=&#8221;creative-services&#8221; overlay_strength=&#8221;0.3&#8243; gradient_direction=&#8221;left_to_right&#8221; shape_divider_position=&#8221;bottom&#8221; bg_image_animation=&#8221;none&#8221; shape_type=&#8221;&#8221;][vc_column column_padding=&#8221;no-extra-padding&#8221; column_padding_tablet=&#8221;inherit&#8221; column_padding_phone=&#8221;inherit&#8221; column_padding_position=&#8221;all&#8221; background_color_opacity=&#8221;1&#8243; background_hover_color_opacity=&#8221;1&#8243; column_shadow=&#8221;none&#8221; column_border_radius=&#8221;none&#8221; column_link_target=&#8221;_self&#8221; gradient_direction=&#8221;left_to_right&#8221; overlay_strength=&#8221;0.3&#8243; width=&#8221;1\/2&#8243; tablet_width_inherit=&#8221;default&#8221; tablet_text_alignment=&#8221;default&#8221; phone_text_alignment=&#8221;default&#8221; column_border_width=&#8221;none&#8221; column_border_style=&#8221;solid&#8221; bg_image_animation=&#8221;none&#8221;][vc_column_text]\n<h3>Oficinas de Forma\u00e7\u00e3o Art\u00edstica-Cultural &#8211; 2022<\/h3>\n[\/vc_column_text][vc_column_text css=&#8221;.vc_custom_1668080061854{padding-right: 10% !important;}&#8221;]Clique e acesse o per\u00edodo da sua turma[\/vc_column_text][vc_row_inner column_margin=&#8221;none&#8221; column_direction=&#8221;default&#8221; column_direction_tablet=&#8221;default&#8221; column_direction_phone=&#8221;default&#8221; text_align=&#8221;left&#8221;][vc_column_inner column_padding=&#8221;padding-2-percent&#8221; column_padding_tablet=&#8221;inherit&#8221; column_padding_phone=&#8221;inherit&#8221; column_padding_position=&#8221;all&#8221; background_color_opacity=&#8221;1&#8243; background_hover_color_opacity=&#8221;1&#8243; column_shadow=&#8221;none&#8221; column_border_radius=&#8221;none&#8221; column_link_target=&#8221;_self&#8221; gradient_direction=&#8221;left_to_right&#8221; overlay_strength=&#8221;0.3&#8243; width=&#8221;1\/2&#8243; tablet_width_inherit=&#8221;default&#8221; column_border_width=&#8221;none&#8221; column_border_style=&#8221;solid&#8221; bg_image_animation=&#8221;none&#8221;][fancy_box box_style=&#8221;color_box_basic&#8221; icon_family=&#8221;iconsmind&#8221; link_new_tab=&#8221;true&#8221; box_color_opacity=&#8221;1&#8243; box_alignment=&#8221;left&#8221; border_radius=&#8221;default&#8221; image_loading=&#8221;default&#8221; enable_animation=&#8221;true&#8221; animation=&#8221;fade-in-from-bottom&#8221; color_scheme=&#8221;none&#8221; secondary_content=&#8221;here&#8217;s some awesome text that would only be shown on hover&#8221; min_height=&#8221;0&#8243; link_url=&#8221;https:\/\/www.youtube.com\/playlist?list=PLFjC80Qjbh4eaAWPj_JVgAPX7FBGrisD-&#8221; icon_iconsmind=&#8221;iconsmind-Video-4&#8243; css=&#8221;.vc_custom_1669038361032{margin-bottom: 50px !important;padding-top: 15% !important;padding-right: 15% !important;padding-bottom: 15% !important;padding-left: 15% !important;}&#8221; icon_size=&#8221;40&#8243;]\n<h4>Turma Manh\u00e3<\/h4>\n<p>V\u00eddeo 01, 02, 03 e 04[\/fancy_box][\/vc_column_inner][vc_column_inner column_padding=&#8221;padding-2-percent&#8221; column_padding_tablet=&#8221;inherit&#8221; column_padding_phone=&#8221;inherit&#8221; column_padding_position=&#8221;all&#8221; background_color_opacity=&#8221;1&#8243; background_hover_color_opacity=&#8221;1&#8243; column_shadow=&#8221;none&#8221; column_border_radius=&#8221;none&#8221; column_link_target=&#8221;_self&#8221; gradient_direction=&#8221;left_to_right&#8221; overlay_strength=&#8221;0.3&#8243; width=&#8221;1\/2&#8243; tablet_width_inherit=&#8221;default&#8221; column_border_width=&#8221;none&#8221; column_border_style=&#8221;solid&#8221; bg_image_animation=&#8221;none&#8221;][fancy_box box_style=&#8221;color_box_basic&#8221; icon_family=&#8221;iconsmind&#8221; link_new_tab=&#8221;true&#8221; box_color=&#8221;#ff1053&#8243; box_color_opacity=&#8221;1&#8243; box_alignment=&#8221;left&#8221; border_radius=&#8221;default&#8221; image_loading=&#8221;default&#8221; enable_animation=&#8221;true&#8221; animation=&#8221;fade-in-from-bottom&#8221; color_scheme=&#8221;none&#8221; secondary_content=&#8221;here&#8217;s some awesome text that would only be shown on hover&#8221; min_height=&#8221;0&#8243; link_url=&#8221;https:\/\/www.youtube.com\/playlist?list=PLFjC80Qjbh4cIrPZH1o4VUSNR20GyVKGK&#8221; icon_iconsmind=&#8221;iconsmind-Video-4&#8243; css=&#8221;.vc_custom_1669038369665{margin-bottom: 2em !important;padding-top: 15% !important;padding-right: 15% !important;padding-bottom: 15% !important;padding-left: 15% !important;}&#8221; delay=&#8221;100&#8243; icon_size=&#8221;40&#8243;]\n<h4>Turma Tarde<\/h4>\n<p>V\u00eddeo 01, 02, 03 e 04[\/fancy_box][\/vc_column_inner][\/vc_row_inner][\/vc_column][vc_column column_padding=&#8221;padding-2-percent&#8221; column_padding_tablet=&#8221;inherit&#8221; column_padding_phone=&#8221;inherit&#8221; column_padding_position=&#8221;right&#8221; background_color_opacity=&#8221;1&#8243; background_hover_color_opacity=&#8221;1&#8243; column_shadow=&#8221;none&#8221; column_border_radius=&#8221;none&#8221; column_link_target=&#8221;_self&#8221; gradient_direction=&#8221;left_to_right&#8221; overlay_strength=&#8221;0.3&#8243; width=&#8221;1\/2&#8243; tablet_width_inherit=&#8221;default&#8221; tablet_text_alignment=&#8221;default&#8221; phone_text_alignment=&#8221;default&#8221; column_border_width=&#8221;none&#8221; column_border_style=&#8221;solid&#8221; bg_image_animation=&#8221;none&#8221;][vc_column_text]<iframe loading=\"lazy\" title=\"YouTube video player\" src=\"https:\/\/www.youtube.com\/embed\/kBTcINZpe8c\" width=\"560\" height=\"315\" frameborder=\"0\" allowfullscreen=\"allowfullscreen\"><\/iframe>[\/vc_column_text][\/vc_column][\/vc_row][vc_row type=&#8221;full_width_background&#8221; full_screen_row_position=&#8221;middle&#8221; column_margin=&#8221;default&#8221; column_direction=&#8221;default&#8221; column_direction_tablet=&#8221;default&#8221; column_direction_phone=&#8221;default&#8221; bg_color=&#8221;#f6f4f5&#8243; scene_position=&#8221;center&#8221; top_padding=&#8221;2%&#8221; text_color=&#8221;dark&#8221; text_align=&#8221;left&#8221; row_border_radius=&#8221;none&#8221; row_border_radius_applies=&#8221;bg&#8221; overlay_strength=&#8221;0.3&#8243; gradient_direction=&#8221;left_to_right&#8221; shape_divider_position=&#8221;bottom&#8221; bg_image_animation=&#8221;none&#8221; shape_type=&#8221;&#8221;][vc_column column_padding=&#8221;no-extra-padding&#8221; column_padding_tablet=&#8221;inherit&#8221; column_padding_phone=&#8221;inherit&#8221; column_padding_position=&#8221;all&#8221; background_color_opacity=&#8221;1&#8243; background_hover_color_opacity=&#8221;1&#8243; column_shadow=&#8221;none&#8221; column_border_radius=&#8221;none&#8221; column_link_target=&#8221;_self&#8221; gradient_direction=&#8221;left_to_right&#8221; overlay_strength=&#8221;0.3&#8243; width=&#8221;1\/1&#8243; tablet_width_inherit=&#8221;default&#8221; tablet_text_alignment=&#8221;default&#8221; phone_text_alignment=&#8221;default&#8221; column_border_width=&#8221;none&#8221; column_border_style=&#8221;solid&#8221; bg_image_animation=&#8221;none&#8221;][vc_column_text]<img loading=\"lazy\" decoding=\"async\" class=\"alignleft size-full wp-image-12\" src=\"https:\/\/www.iorm.org.br\/aulas-ud-iorm\/wp-content\/uploads\/2021\/02\/regua-iorm.jpg\" alt=\"\" width=\"1920\" height=\"518\" srcset=\"https:\/\/www.iorm.org.br\/aulas-ud-iorm\/wp-content\/uploads\/2021\/02\/regua-iorm.jpg 1920w, https:\/\/www.iorm.org.br\/aulas-ud-iorm\/wp-content\/uploads\/2021\/02\/regua-iorm-300x81.jpg 300w, https:\/\/www.iorm.org.br\/aulas-ud-iorm\/wp-content\/uploads\/2021\/02\/regua-iorm-1024x276.jpg 1024w, https:\/\/www.iorm.org.br\/aulas-ud-iorm\/wp-content\/uploads\/2021\/02\/regua-iorm-768x207.jpg 768w, https:\/\/www.iorm.org.br\/aulas-ud-iorm\/wp-content\/uploads\/2021\/02\/regua-iorm-1536x414.jpg 1536w\" sizes=\"auto, (max-width: 1920px) 100vw, 1920px\" \/>[\/vc_column_text][\/vc_column][\/vc_row]\n","protected":false},"excerpt":{"rendered":"<p>[vc_row type=&#8221;full_width_background&#8221; full_screen_row_position=&#8221;middle&#8221; column_margin=&#8221;default&#8221; equal_height=&#8221;yes&#8221; content_placement=&#8221;middle&#8221; column_direction=&#8221;default&#8221; column_direction_tablet=&#8221;default&#8221; column_direction_phone=&#8221;default&#8221; bg_color=&#8221;#efefef&#8221; scene_position=&#8221;center&#8221; top_padding=&#8221;3%&#8221; bottom_padding=&#8221;3%&#8221; text_color=&#8221;dark&#8221; text_align=&#8221;left&#8221; row_border_radius=&#8221;none&#8221; row_border_radius_applies=&#8221;bg&#8221; id=&#8221;creative-services&#8221; overlay_strength=&#8221;0.3&#8243; gradient_direction=&#8221;left_to_right&#8221; shape_divider_position=&#8221;bottom&#8221; bg_image_animation=&#8221;none&#8221; shape_type=&#8221;&#8221;][vc_column column_padding=&#8221;no-extra-padding&#8221; column_padding_tablet=&#8221;inherit&#8221; column_padding_phone=&#8221;inherit&#8221; column_padding_position=&#8221;all&#8221; background_color_opacity=&#8221;1&#8243; background_hover_color_opacity=&#8221;1&#8243; column_shadow=&#8221;none&#8221;&#8230;<\/p>\n","protected":false},"author":1,"featured_media":0,"parent":0,"menu_order":0,"comment_status":"closed","ping_status":"closed","template":"","meta":{"footnotes":""},"class_list":["post-14972","page","type-page","status-publish"],"_links":{"self":[{"href":"https:\/\/www.iorm.org.br\/aulas-ud-iorm\/wp-json\/wp\/v2\/pages\/14972","targetHints":{"allow":["GET"]}}],"collection":[{"href":"https:\/\/www.iorm.org.br\/aulas-ud-iorm\/wp-json\/wp\/v2\/pages"}],"about":[{"href":"https:\/\/www.iorm.org.br\/aulas-ud-iorm\/wp-json\/wp\/v2\/types\/page"}],"author":[{"embeddable":true,"href":"https:\/\/www.iorm.org.br\/aulas-ud-iorm\/wp-json\/wp\/v2\/users\/1"}],"replies":[{"embeddable":true,"href":"https:\/\/www.iorm.org.br\/aulas-ud-iorm\/wp-json\/wp\/v2\/comments?post=14972"}],"version-history":[{"count":10,"href":"https:\/\/www.iorm.org.br\/aulas-ud-iorm\/wp-json\/wp\/v2\/pages\/14972\/revisions"}],"predecessor-version":[{"id":19902,"href":"https:\/\/www.iorm.org.br\/aulas-ud-iorm\/wp-json\/wp\/v2\/pages\/14972\/revisions\/19902"}],"wp:attachment":[{"href":"https:\/\/www.iorm.org.br\/aulas-ud-iorm\/wp-json\/wp\/v2\/media?parent=14972"}],"curies":[{"name":"wp","href":"https:\/\/api.w.org\/{rel}","templated":true}]}}